{"id":484,"date":"2024-09-04T10:46:39","date_gmt":"2024-09-04T08:46:39","guid":{"rendered":"https:\/\/karis.dk\/?page_id=484"},"modified":"2025-05-20T15:03:56","modified_gmt":"2025-05-20T13:03:56","slug":"louet-vaeve","status":"publish","type":"page","link":"https:\/\/karis.dk\/?page_id=484","title":{"rendered":"Lou\u00ebt v\u00e6ve og tilbeh\u00f8r"},"content":{"rendered":"\n<h2 class=\"wp-block-heading\">Lou\u00ebt v\u00e6ve og tilbeh\u00f8r<\/h2>\n\n\n\n<p>En v\u00e6v, der er nem at h\u00e5ndtere og let at bruge, g\u00f8r v\u00e6vning til en leg. <\/p>\n\n\n\n<p>En rok, hvor hjulet snurrer stabilt og rytmisk, g\u00f8r spinding til en dans.<\/p>\n\n\n\n<div class=\"wp-block-buttons is-content-justification-space-between is-layout-flex wp-container-core-buttons-is-layout-2eb6dc02 wp-block-buttons-is-layout-flex\">\n<div class=\"wp-block-button is-style-fill\"><a class=\"wp-block-button__link wp-element-button\" href=\"https:\/\/www.louet.nl\/en\/home\"><img loading=\"lazy\" decoding=\"async\" width=\"117\" height=\"71\" class=\"wp-image-726\" style=\"width: 117px;\" src=\"http:\/\/karis.dk\/wp-content\/uploads\/2024\/09\/Skaermbillede-2024-09-10-093007.png\" alt=\"\"><\/a><\/div>\n\n\n\n<div class=\"wp-block-button is-style-fill\"><a class=\"wp-block-button__link wp-element-button\" href=\"https:\/\/karis.dk\/?page_id=725\">Kontakt<\/a><\/div>\n<\/div>\n\n\n\n<h2 class=\"wp-block-heading\">Prisliste incl moms<\/h2>\n\n\n\n<figure class=\"wp-block-table aligncenter\"><table class=\"has-fixed-layout\"><tbody><tr><td class=\"has-text-align-left\" data-align=\"left\"><strong>Victoria rok<\/strong><\/td><td>6193, &#8211;<\/td><\/tr><tr><td class=\"has-text-align-left\" data-align=\"left\"><em>&#8211; fully loaded<\/em>, &#8211; med taske og tilbeh\u00f8r<\/td><td>11.222,-<\/td><\/tr><tr><td class=\"has-text-align-left\" data-align=\"left\"><strong>Blending board<\/strong><\/td><td>1586,-<\/td><\/tr><tr><td class=\"has-text-align-left\" data-align=\"left\"><strong>H\u00e5ndkarter, 46 tpi<\/strong>, 72 tpi, 110 tpi<\/td><td>793,-<\/td><\/tr><tr><td class=\"has-text-align-left\" data-align=\"left\"><strong>Louet Jane-8, 40, not exp.<\/strong><\/td><td>6030,-<\/td><\/tr><tr><td class=\"has-text-align-left\" data-align=\"left\"><strong>Louet Jane-8 exp. 50 cm<\/strong><\/td><td>8850,-<\/td><\/tr><tr><td class=\"has-text-align-left\" data-align=\"left\"><em>&#8211; <em>Udvidelses-s\u00e6t 8-16 skafte<\/em>r, 50 cm<\/em><\/td><td>2505,-<\/td><\/tr><tr><td class=\"has-text-align-left\" data-align=\"left\"><strong>Louet Jane-16, 50 cm<\/strong><\/td><td>11.671,-<\/td><\/tr><tr><td class=\"has-text-align-left\" data-align=\"left\"><strong>Louet Jane-8, 70 cm<\/strong>, kan udvides<\/td><td>10.066,-<\/td><\/tr><tr><td class=\"has-text-align-left\" data-align=\"left\"><em>&#8211; Uden mulighed for udvidelse<\/em><\/td><td>7294,-<\/td><\/tr><tr><td class=\"has-text-align-left\" data-align=\"left\"><em>&#8211; Udvidelses-s\u00e6t 8-16 skafter<\/em>, <em>70 cm<\/em><\/td><td>2838,-<\/td><\/tr><tr><td class=\"has-text-align-left\" data-align=\"left\"><strong>Louet Jane-16, 70 cm<\/strong><\/td><td>13.130,-<\/td><\/tr><tr><td class=\"has-text-align-left\" data-align=\"left\"><strong>Louet Jane-8, 90cm<\/strong><\/td><td>12.158,-<\/td><\/tr><tr><td class=\"has-text-align-left\" data-align=\"left\"><strong>Louet Jane-16, 90cm<\/strong><\/td><td>15.561,-<\/td><\/tr><tr><td class=\"has-text-align-left\" data-align=\"left\"><strong>Stativ<\/strong> <strong>Louet Jane 40<\/strong> <strong>cm<\/strong><\/td><td>1936,-<\/td><\/tr><tr><td class=\"has-text-align-left\" data-align=\"left\"><em>&#8211; 50 cm<\/em><\/td><td>2037<\/td><\/tr><tr><td class=\"has-text-align-left\" data-align=\"left\"><em>&#8211; 70 cm<\/em><\/td><td>2087,-<\/td><\/tr><tr><td class=\"has-text-align-left\" data-align=\"left\"><em>&#8211; 90 cm<\/em><\/td><td>2272,-<\/td><\/tr><tr><td class=\"has-text-align-left\" data-align=\"left\"><strong>B\u00e6nk, passer til Louet Jane<\/strong> <strong>m.fl.<\/strong><\/td><td>2370,-<\/td><\/tr><tr><td class=\"has-text-align-left\" data-align=\"left\"><strong>S\u00f8ller 20,5cm, 100, farvede<\/strong><\/td><td>217,-<\/td><\/tr><tr><td class=\"has-text-align-left\" data-align=\"left\"><em>&#8211; Hvide<\/em><\/td><td>183,50<\/td><\/tr><tr><td class=\"has-text-align-left\" data-align=\"left\"><strong>Erica 30<\/strong> <strong>cm, 2 skafter<\/strong><\/td><td>2949,-<\/td><\/tr><tr><td class=\"has-text-align-left\" data-align=\"left\"><em>&#8211; 1 skaft udvidelse, 30<\/em> cm<\/td><td>333,-<\/td><\/tr><tr><td class=\"has-text-align-left\" data-align=\"left\"><strong>Lisa gobelinv\u00e6v<\/strong> str. 40 cm*60 cm<\/td><td>793,-<\/td><\/tr><tr><td class=\"has-text-align-left\" data-align=\"left\"><strong>B\u00e5ndv\u00e6v, standard<\/strong><\/td><td>793,-<\/td><\/tr><tr><td class=\"has-text-align-left\" data-align=\"left\"><strong>Mini b\u00e5nd v\u00e6v<\/strong><\/td><td>501,-<\/td><\/tr><\/tbody><\/table><\/figure>\n","protected":false},"excerpt":{"rendered":"<p>Lou\u00ebt v\u00e6ve og tilbeh\u00f8r En v\u00e6v, der er nem at h\u00e5ndtere og let at bruge, g\u00f8r v\u00e6vning til en leg. En rok, hvor hjulet snurrer stabilt og rytmisk, g\u00f8r spinding [&hellip;]<\/p>\n","protected":false},"author":3,"featured_media":0,"parent":0,"menu_order":0,"comment_status":"closed","ping_status":"closed","template":"wp-custom-template-underside","meta":{"_price":"","_stock":"","_tribe_ticket_header":"","_tribe_default_ticket_provider":"","_tribe_ticket_capacity":"0","_ticket_start_date":"","_ticket_end_date":"","_tribe_ticket_show_description":"","_tribe_ticket_show_not_going":false,"_tribe_ticket_use_global_stock":"","_tribe_ticket_global_stock_level":"","_global_stock_mode":"","_global_stock_cap":"","_tribe_rsvp_for_event":"","_tribe_ticket_going_count":"","_tribe_ticket_not_going_count":"","_tribe_tickets_list":"[]","_tribe_ticket_has_attendee_info_fields":false,"_EventAllDay":false,"_EventTimezone":"","_EventStartDate":"","_EventEndDate":"","_EventStartDateUTC":"","_EventEndDateUTC":"","_EventShowMap":false,"_EventShowMapLink":false,"_EventURL":"","_EventCost":"","_EventCostDescription":"","_EventCurrencySymbol":"","_EventCurrencyCode":"","_EventCurrencyPosition":"","_EventDateTimeSeparator":"","_EventTimeRangeSeparator":"","_EventOrganizerID":[],"_EventVenueID":[],"_OrganizerEmail":"","_OrganizerPhone":"","_OrganizerWebsite":"","_VenueAddress":"","_VenueCity":"","_VenueCountry":"","_VenueProvince":"","_VenueState":"","_VenueZip":"","_VenuePhone":"","_VenueURL":"","_VenueStateProvince":"","_VenueLat":"","_VenueLng":"","_VenueShowMap":false,"_VenueShowMapLink":false,"footnotes":"","_tec_slr_enabled":"","_tec_slr_layout":""},"class_list":["post-484","page","type-page","status-publish","hentry"],"jetpack_sharing_enabled":true,"ticketed":false,"_links":{"self":[{"href":"https:\/\/karis.dk\/index.php?rest_route=\/wp\/v2\/pages\/484","targetHints":{"allow":["GET"]}}],"collection":[{"href":"https:\/\/karis.dk\/index.php?rest_route=\/wp\/v2\/pages"}],"about":[{"href":"https:\/\/karis.dk\/index.php?rest_route=\/wp\/v2\/types\/page"}],"author":[{"embeddable":true,"href":"https:\/\/karis.dk\/index.php?rest_route=\/wp\/v2\/users\/3"}],"replies":[{"embeddable":true,"href":"https:\/\/karis.dk\/index.php?rest_route=%2Fwp%2Fv2%2Fcomments&post=484"}],"version-history":[{"count":12,"href":"https:\/\/karis.dk\/index.php?rest_route=\/wp\/v2\/pages\/484\/revisions"}],"predecessor-version":[{"id":1020,"href":"https:\/\/karis.dk\/index.php?rest_route=\/wp\/v2\/pages\/484\/revisions\/1020"}],"wp:attachment":[{"href":"https:\/\/karis.dk\/index.php?rest_route=%2Fwp%2Fv2%2Fmedia&parent=484"}],"curies":[{"name":"wp","href":"https:\/\/api.w.org\/{rel}","templated":true}]}}