{"id":486,"date":"2024-09-04T11:09:52","date_gmt":"2024-09-04T09:09:52","guid":{"rendered":"https:\/\/karis.dk\/?page_id=486"},"modified":"2025-03-08T11:41:57","modified_gmt":"2025-03-08T10:41:57","slug":"vaeve","status":"publish","type":"page","link":"https:\/\/karis.dk\/?page_id=486","title":{"rendered":"V\u00e6ve"},"content":{"rendered":"\n<h2 class=\"wp-block-heading\">V\u00e6ve<\/h2>\n\n\n\n<p>Jeg forhandler:<\/p>\n\n\n\n<p>Lou\u00ebt rokke, v\u00e6ve og tilbeh\u00f8r <\/p>\n\n\n\n<p>Lojan rokke, v\u00e6ve og tilbeh\u00f8r <\/p>\n\n\n\n<p>Brugte v\u00e6ve og tilbeh\u00f8r, samt udlejer v\u00e6ve<\/p>\n\n\n\n<div class=\"wp-block-group alignfull is-layout-constrained wp-block-group-is-layout-constrained\" style=\"margin-top:0px;margin-bottom:0px;padding-top:64px;padding-bottom:64px\">\n<div class=\"wp-block-columns alignwide is-layout-flex wp-container-core-columns-is-layout-28f84493 wp-block-columns-is-layout-flex\">\n<div class=\"wp-block-column is-layout-flow wp-block-column-is-layout-flow\">\n<figure class=\"wp-block-image size-full\"><img loading=\"lazy\" decoding=\"async\" width=\"1000\" height=\"1500\" src=\"http:\/\/karis.dk\/wp-content\/uploads\/2024\/09\/MG_9143.gif\" alt=\"\" class=\"wp-image-619\" style=\"aspect-ratio:2\/3;object-fit:cover\"\/><\/figure>\n\n\n\n<h3 class=\"wp-block-heading\">Lou\u00ebt v\u00e6ve<\/h3>\n\n\n\n<div class=\"wp-block-buttons is-layout-flex wp-block-buttons-is-layout-flex\">\n<div class=\"wp-block-button is-style-fill\"><a class=\"wp-block-button__link wp-element-button\" href=\"https:\/\/karis.dk\/?page_id=484\">Videre<\/a><\/div>\n<\/div>\n<\/div>\n\n\n\n<div class=\"wp-block-column is-layout-flow wp-block-column-is-layout-flow\">\n<figure class=\"wp-block-image size-full\"><img loading=\"lazy\" decoding=\"async\" width=\"640\" height=\"442\" src=\"http:\/\/karis.dk\/wp-content\/uploads\/2025\/03\/Lojan_LJ3001_Three-Inkle-looms.jpeg\" alt=\"\" class=\"wp-image-980\" srcset=\"https:\/\/karis.dk\/wp-content\/uploads\/2025\/03\/Lojan_LJ3001_Three-Inkle-looms.jpeg 640w, https:\/\/karis.dk\/wp-content\/uploads\/2025\/03\/Lojan_LJ3001_Three-Inkle-looms-300x207.jpeg 300w\" sizes=\"auto, (max-width: 640px) 100vw, 640px\" \/><\/figure>\n\n\n\n<h2 class=\"wp-block-heading\">Lojan v\u00e6ve<\/h2>\n\n\n\n<div class=\"wp-block-buttons is-layout-flex wp-block-buttons-is-layout-flex\">\n<div class=\"wp-block-button\"><a class=\"wp-block-button__link wp-element-button\" href=\"https:\/\/karis.dk\/?page_id=978\">Videre<\/a><\/div>\n<\/div>\n<\/div>\n\n\n\n<div class=\"wp-block-column is-layout-flow wp-block-column-is-layout-flow\">\n<figure class=\"wp-block-image size-full\"><img loading=\"lazy\" decoding=\"async\" width=\"1144\" height=\"886\" src=\"http:\/\/karis.dk\/wp-content\/uploads\/2024\/09\/Spindeskolen-5.jpg\" alt=\"\" class=\"wp-image-139\" style=\"aspect-ratio:2\/3;object-fit:cover\" srcset=\"https:\/\/karis.dk\/wp-content\/uploads\/2024\/09\/Spindeskolen-5.jpg 1144w, https:\/\/karis.dk\/wp-content\/uploads\/2024\/09\/Spindeskolen-5-600x465.jpg 600w, https:\/\/karis.dk\/wp-content\/uploads\/2024\/09\/Spindeskolen-5-300x232.jpg 300w, https:\/\/karis.dk\/wp-content\/uploads\/2024\/09\/Spindeskolen-5-1024x793.jpg 1024w, https:\/\/karis.dk\/wp-content\/uploads\/2024\/09\/Spindeskolen-5-768x595.jpg 768w\" sizes=\"auto, (max-width: 1144px) 100vw, 1144px\" \/><\/figure>\n\n\n\n<h3 class=\"wp-block-heading\">Brugte v\u00e6ve<\/h3>\n\n\n\n<div class=\"wp-block-buttons is-layout-flex wp-block-buttons-is-layout-flex\">\n<div class=\"wp-block-button is-style-fill\"><a class=\"wp-block-button__link wp-element-button\" href=\"https:\/\/karis.dk\/?page_id=497\">Videre<\/a><\/div>\n<\/div>\n<\/div>\n\n\n\n<div class=\"wp-block-column is-layout-flow wp-block-column-is-layout-flow\">\n<figure class=\"wp-block-image size-full\"><img loading=\"lazy\" decoding=\"async\" width=\"1472\" height=\"1998\" src=\"http:\/\/karis.dk\/wp-content\/uploads\/2024\/09\/Vaevestue-e1726128892859.jpg\" alt=\"\" class=\"wp-image-826\" style=\"aspect-ratio:2\/3;object-fit:cover\" srcset=\"https:\/\/karis.dk\/wp-content\/uploads\/2024\/09\/Vaevestue-e1726128892859.jpg 1472w, https:\/\/karis.dk\/wp-content\/uploads\/2024\/09\/Vaevestue-e1726128892859-221x300.jpg 221w, https:\/\/karis.dk\/wp-content\/uploads\/2024\/09\/Vaevestue-e1726128892859-754x1024.jpg 754w, https:\/\/karis.dk\/wp-content\/uploads\/2024\/09\/Vaevestue-e1726128892859-768x1042.jpg 768w, https:\/\/karis.dk\/wp-content\/uploads\/2024\/09\/Vaevestue-e1726128892859-1132x1536.jpg 1132w\" sizes=\"auto, (max-width: 1472px) 100vw, 1472px\" \/><\/figure>\n\n\n\n<h3 class=\"wp-block-heading\">Udlejning af v\u00e6ve<\/h3>\n\n\n\n<div class=\"wp-block-buttons is-layout-flex wp-block-buttons-is-layout-flex\">\n<div class=\"wp-block-button is-style-fill\"><a class=\"wp-block-button__link wp-element-button\" href=\"https:\/\/karis.dk\/?page_id=499\">Videre<\/a><\/div>\n<\/div>\n<\/div>\n<\/div>\n<\/div>\n\n\n\n<h2 class=\"wp-block-heading\"><\/h2>\n\n\n\n<p><\/p>\n","protected":false},"excerpt":{"rendered":"<p>V\u00e6ve Jeg forhandler: Lou\u00ebt rokke, v\u00e6ve og tilbeh\u00f8r Lojan rokke, v\u00e6ve og tilbeh\u00f8r Brugte v\u00e6ve og tilbeh\u00f8r, samt udlejer v\u00e6ve Lou\u00ebt v\u00e6ve Lojan v\u00e6ve Brugte v\u00e6ve Udlejning af v\u00e6ve<\/p>\n","protected":false},"author":3,"featured_media":0,"parent":0,"menu_order":0,"comment_status":"closed","ping_status":"closed","template":"wp-custom-template-underside","meta":{"_price":"","_stock":"","_tribe_ticket_header":"","_tribe_default_ticket_provider":"","_tribe_ticket_capacity":"0","_ticket_start_date":"","_ticket_end_date":"","_tribe_ticket_show_description":"","_tribe_ticket_show_not_going":false,"_tribe_ticket_use_global_stock":"","_tribe_ticket_global_stock_level":"","_global_stock_mode":"","_global_stock_cap":"","_tribe_rsvp_for_event":"","_tribe_ticket_going_count":"","_tribe_ticket_not_going_count":"","_tribe_tickets_list":"[]","_tribe_ticket_has_attendee_info_fields":false,"_EventAllDay":false,"_EventTimezone":"","_EventStartDate":"","_EventEndDate":"","_EventStartDateUTC":"","_EventEndDateUTC":"","_EventShowMap":false,"_EventShowMapLink":false,"_EventURL":"","_EventCost":"","_EventCostDescription":"","_EventCurrencySymbol":"","_EventCurrencyCode":"","_EventCurrencyPosition":"","_EventDateTimeSeparator":"","_EventTimeRangeSeparator":"","_EventOrganizerID":[],"_EventVenueID":[],"_OrganizerEmail":"","_OrganizerPhone":"","_OrganizerWebsite":"","_VenueAddress":"","_VenueCity":"","_VenueCountry":"","_VenueProvince":"","_VenueState":"","_VenueZip":"","_VenuePhone":"","_VenueURL":"","_VenueStateProvince":"","_VenueLat":"","_VenueLng":"","_VenueShowMap":false,"_VenueShowMapLink":false,"footnotes":"","_tec_slr_enabled":"","_tec_slr_layout":""},"class_list":["post-486","page","type-page","status-publish","hentry"],"jetpack_sharing_enabled":true,"ticketed":false,"_links":{"self":[{"href":"https:\/\/karis.dk\/index.php?rest_route=\/wp\/v2\/pages\/486","targetHints":{"allow":["GET"]}}],"collection":[{"href":"https:\/\/karis.dk\/index.php?rest_route=\/wp\/v2\/pages"}],"about":[{"href":"https:\/\/karis.dk\/index.php?rest_route=\/wp\/v2\/types\/page"}],"author":[{"embeddable":true,"href":"https:\/\/karis.dk\/index.php?rest_route=\/wp\/v2\/users\/3"}],"replies":[{"embeddable":true,"href":"https:\/\/karis.dk\/index.php?rest_route=%2Fwp%2Fv2%2Fcomments&post=486"}],"version-history":[{"count":14,"href":"https:\/\/karis.dk\/index.php?rest_route=\/wp\/v2\/pages\/486\/revisions"}],"predecessor-version":[{"id":1081,"href":"https:\/\/karis.dk\/index.php?rest_route=\/wp\/v2\/pages\/486\/revisions\/1081"}],"wp:attachment":[{"href":"https:\/\/karis.dk\/index.php?rest_route=%2Fwp%2Fv2%2Fmedia&parent=486"}],"curies":[{"name":"wp","href":"https:\/\/api.w.org\/{rel}","templated":true}]}}