{"id":497,"date":"2024-09-04T11:16:38","date_gmt":"2024-09-04T09:16:38","guid":{"rendered":"https:\/\/karis.dk\/?page_id=497"},"modified":"2025-10-01T16:40:35","modified_gmt":"2025-10-01T14:40:35","slug":"brugte-vaeve","status":"publish","type":"page","link":"https:\/\/karis.dk\/?page_id=497","title":{"rendered":"Brugte v\u00e6ve og tilbeh\u00f8r"},"content":{"rendered":"\n<h2 class=\"wp-block-heading\">Brugte v\u00e6ve og tilbeh\u00f8r<\/h2>\n\n\n\n<p class=\"has-text-color\" style=\"color:#000000;font-size:17px\">I den udstr\u00e6kning der er brugte v\u00e6ve, rokke og v\u00e6vetilbeh\u00f8r i god stand i overskud, s\u00e6lger jeg det til en billig pris. Pt. har jeg:<\/p>\n\n\n\n<p><\/p>\n\n\n\n<ul class=\"wp-block-list\">\n<li>Et stort trendbord, og et mindre trendbord<\/li>\n\n\n\n<li>Fladskytter i forskellige l\u00e6ngder<\/li>\n\n\n\n<li>Kamme til rammev\u00e6v i meget fin stand<\/li>\n\n\n\n<li>Spredere i forskellige l\u00e6ngder<\/li>\n\n\n\n<li>8-skaftede tangentv\u00e6ve \u2013 ombyggede modeller, men fuld funktionsdygtige<\/li>\n<\/ul>\n\n\n\n<figure class=\"wp-block-gallery has-nested-images columns-default is-cropped wp-block-gallery-1 is-layout-flex wp-block-gallery-is-layout-flex\">\n<figure class=\"wp-block-image size-large\"><img loading=\"lazy\" decoding=\"async\" width=\"1024\" height=\"769\" data-id=\"970\" src=\"http:\/\/karis.dk\/wp-content\/uploads\/2025\/03\/IMG_20250208_191253925-1024x769.jpg\" alt=\"\" class=\"wp-image-970\" srcset=\"https:\/\/karis.dk\/wp-content\/uploads\/2025\/03\/IMG_20250208_191253925-1024x769.jpg 1024w, https:\/\/karis.dk\/wp-content\/uploads\/2025\/03\/IMG_20250208_191253925-300x225.jpg 300w, https:\/\/karis.dk\/wp-content\/uploads\/2025\/03\/IMG_20250208_191253925-768x577.jpg 768w, https:\/\/karis.dk\/wp-content\/uploads\/2025\/03\/IMG_20250208_191253925-1536x1153.jpg 1536w, https:\/\/karis.dk\/wp-content\/uploads\/2025\/03\/IMG_20250208_191253925-2048x1538.jpg 2048w\" sizes=\"auto, (max-width: 1024px) 100vw, 1024px\" \/><\/figure>\n<\/figure>\n\n\n\n<p class=\"has-text-color\" style=\"color:#000000;font-size:17px\">Ring og sp\u00f8rg, hvis der er noget du mangler<\/p>\n\n\n\n<div class=\"wp-block-buttons is-layout-flex wp-block-buttons-is-layout-flex\">\n<div class=\"wp-block-button is-style-fill\"><a class=\"wp-block-button__link wp-element-button\" href=\"https:\/\/karis.dk\/?page_id=725\">Kontakt<\/a><\/div>\n<\/div>\n\n\n\n<p><\/p>\n","protected":false},"excerpt":{"rendered":"<p>Brugte v\u00e6ve og tilbeh\u00f8r I den udstr\u00e6kning der er brugte v\u00e6ve, rokke og v\u00e6vetilbeh\u00f8r i god stand i overskud, s\u00e6lger jeg det til en billig pris. Pt. har jeg: Ring [&hellip;]<\/p>\n","protected":false},"author":3,"featured_media":0,"parent":0,"menu_order":0,"comment_status":"closed","ping_status":"closed","template":"wp-custom-template-underside","meta":{"_price":"","_stock":"","_tribe_ticket_header":"","_tribe_default_ticket_provider":"","_tribe_ticket_capacity":"0","_ticket_start_date":"","_ticket_end_date":"","_tribe_ticket_show_description":"","_tribe_ticket_show_not_going":false,"_tribe_ticket_use_global_stock":"","_tribe_ticket_global_stock_level":"","_global_stock_mode":"","_global_stock_cap":"","_tribe_rsvp_for_event":"","_tribe_ticket_going_count":"","_tribe_ticket_not_going_count":"","_tribe_tickets_list":"[]","_tribe_ticket_has_attendee_info_fields":false,"_EventAllDay":false,"_EventTimezone":"","_EventStartDate":"","_EventEndDate":"","_EventStartDateUTC":"","_EventEndDateUTC":"","_EventShowMap":false,"_EventShowMapLink":false,"_EventURL":"","_EventCost":"","_EventCostDescription":"","_EventCurrencySymbol":"","_EventCurrencyCode":"","_EventCurrencyPosition":"","_EventDateTimeSeparator":"","_EventTimeRangeSeparator":"","_EventOrganizerID":[],"_EventVenueID":[],"_OrganizerEmail":"","_OrganizerPhone":"","_OrganizerWebsite":"","_VenueAddress":"","_VenueCity":"","_VenueCountry":"","_VenueProvince":"","_VenueState":"","_VenueZip":"","_VenuePhone":"","_VenueURL":"","_VenueStateProvince":"","_VenueLat":"","_VenueLng":"","_VenueShowMap":false,"_VenueShowMapLink":false,"footnotes":"","_tec_slr_enabled":"","_tec_slr_layout":""},"class_list":["post-497","page","type-page","status-publish","hentry"],"jetpack_sharing_enabled":true,"ticketed":false,"_links":{"self":[{"href":"https:\/\/karis.dk\/index.php?rest_route=\/wp\/v2\/pages\/497","targetHints":{"allow":["GET"]}}],"collection":[{"href":"https:\/\/karis.dk\/index.php?rest_route=\/wp\/v2\/pages"}],"about":[{"href":"https:\/\/karis.dk\/index.php?rest_route=\/wp\/v2\/types\/page"}],"author":[{"embeddable":true,"href":"https:\/\/karis.dk\/index.php?rest_route=\/wp\/v2\/users\/3"}],"replies":[{"embeddable":true,"href":"https:\/\/karis.dk\/index.php?rest_route=%2Fwp%2Fv2%2Fcomments&post=497"}],"version-history":[{"count":14,"href":"https:\/\/karis.dk\/index.php?rest_route=\/wp\/v2\/pages\/497\/revisions"}],"predecessor-version":[{"id":1034,"href":"https:\/\/karis.dk\/index.php?rest_route=\/wp\/v2\/pages\/497\/revisions\/1034"}],"wp:attachment":[{"href":"https:\/\/karis.dk\/index.php?rest_route=%2Fwp%2Fv2%2Fmedia&parent=497"}],"curies":[{"name":"wp","href":"https:\/\/api.w.org\/{rel}","templated":true}]}}