{"id":499,"date":"2024-09-04T11:17:17","date_gmt":"2024-09-04T09:17:17","guid":{"rendered":"https:\/\/karis.dk\/?page_id=499"},"modified":"2025-10-01T16:41:26","modified_gmt":"2025-10-01T14:41:26","slug":"udlejning-af-vaeve","status":"publish","type":"page","link":"https:\/\/karis.dk\/?page_id=499","title":{"rendered":"Udlejning af v\u00e6ve"},"content":{"rendered":"\n<h2 class=\"wp-block-heading\">R\u00e5dgivning og udlejning f\u00f8lges ad<\/h2>\n\n\n\n<p><\/p>\n\n\n\n<p>Overvejer du at k\u00f8be en v\u00e6v, men er usikker p\u00e5, hvilken v\u00e6v, det skal v\u00e6re, s\u00e5 udlejer jeg gerne en fuld funktionsdygtig v\u00e6v med det tilbeh\u00f8r, der g\u00f8r det muligt at komme i gang. Desuden r\u00e5dgiver jeg i forhold til at finde noget, der svarer til de \u00f8nsker, du m\u00e5tte have med hensyn til b\u00e5de funktion og pris <\/p>\n\n\n\n<p><\/p>\n\n\n\n<ul class=\"wp-block-list\">\n<li>Kontramarchv\u00e6ve med 4 eller 8 skafter<\/li>\n\n\n\n<li>Rammev\u00e6ve<\/li>\n\n\n\n<li>4-skaftede tangentv\u00e6ve<\/li>\n\n\n\n<li>8-skaftede tangentv\u00e6ve \u2013 ombyggede modeller, men fuldt funktionsdygtige<\/li>\n<\/ul>\n\n\n\n<p>Ring og sp\u00f8rg, hvis du er i tvivl<\/p>\n\n\n\n\n\n<div class=\"wp-block-buttons is-layout-flex wp-block-buttons-is-layout-flex\">\n<div class=\"wp-block-button\"><a class=\"wp-block-button__link wp-element-button\" href=\"https:\/\/karis.dk\/?page_id=725\">Kontakt info<\/a><\/div>\n<\/div>\n\n\n\n<p><\/p>\n","protected":false},"excerpt":{"rendered":"<p>R\u00e5dgivning og udlejning f\u00f8lges ad Overvejer du at k\u00f8be en v\u00e6v, men er usikker p\u00e5, hvilken v\u00e6v, det skal v\u00e6re, s\u00e5 udlejer jeg gerne en fuld funktionsdygtig v\u00e6v med det [&hellip;]<\/p>\n","protected":false},"author":3,"featured_media":0,"parent":0,"menu_order":0,"comment_status":"closed","ping_status":"closed","template":"wp-custom-template-underside","meta":{"_price":"","_stock":"","_tribe_ticket_header":"","_tribe_default_ticket_provider":"","_tribe_ticket_capacity":"0","_ticket_start_date":"","_ticket_end_date":"","_tribe_ticket_show_description":"","_tribe_ticket_show_not_going":false,"_tribe_ticket_use_global_stock":"","_tribe_ticket_global_stock_level":"","_global_stock_mode":"","_global_stock_cap":"","_tribe_rsvp_for_event":"","_tribe_ticket_going_count":"","_tribe_ticket_not_going_count":"","_tribe_tickets_list":"[]","_tribe_ticket_has_attendee_info_fields":false,"_EventAllDay":false,"_EventTimezone":"","_EventStartDate":"","_EventEndDate":"","_EventStartDateUTC":"","_EventEndDateUTC":"","_EventShowMap":false,"_EventShowMapLink":false,"_EventURL":"","_EventCost":"","_EventCostDescription":"","_EventCurrencySymbol":"","_EventCurrencyCode":"","_EventCurrencyPosition":"","_EventDateTimeSeparator":"","_EventTimeRangeSeparator":"","_EventOrganizerID":[],"_EventVenueID":[],"_OrganizerEmail":"","_OrganizerPhone":"","_OrganizerWebsite":"","_VenueAddress":"","_VenueCity":"","_VenueCountry":"","_VenueProvince":"","_VenueState":"","_VenueZip":"","_VenuePhone":"","_VenueURL":"","_VenueStateProvince":"","_VenueLat":"","_VenueLng":"","_VenueShowMap":false,"_VenueShowMapLink":false,"footnotes":"","_tec_slr_enabled":"","_tec_slr_layout":""},"class_list":["post-499","page","type-page","status-publish","hentry"],"jetpack_sharing_enabled":true,"ticketed":false,"_links":{"self":[{"href":"https:\/\/karis.dk\/index.php?rest_route=\/wp\/v2\/pages\/499","targetHints":{"allow":["GET"]}}],"collection":[{"href":"https:\/\/karis.dk\/index.php?rest_route=\/wp\/v2\/pages"}],"about":[{"href":"https:\/\/karis.dk\/index.php?rest_route=\/wp\/v2\/types\/page"}],"author":[{"embeddable":true,"href":"https:\/\/karis.dk\/index.php?rest_route=\/wp\/v2\/users\/3"}],"replies":[{"embeddable":true,"href":"https:\/\/karis.dk\/index.php?rest_route=%2Fwp%2Fv2%2Fcomments&post=499"}],"version-history":[{"count":7,"href":"https:\/\/karis.dk\/index.php?rest_route=\/wp\/v2\/pages\/499\/revisions"}],"predecessor-version":[{"id":1036,"href":"https:\/\/karis.dk\/index.php?rest_route=\/wp\/v2\/pages\/499\/revisions\/1036"}],"wp:attachment":[{"href":"https:\/\/karis.dk\/index.php?rest_route=%2Fwp%2Fv2%2Fmedia&parent=499"}],"curies":[{"name":"wp","href":"https:\/\/api.w.org\/{rel}","templated":true}]}}