{"id":533,"date":"2024-09-04T11:59:06","date_gmt":"2024-09-04T09:59:06","guid":{"rendered":"https:\/\/karis.dk\/?page_id=533"},"modified":"2025-12-02T11:31:06","modified_gmt":"2025-12-02T10:31:06","slug":"faste-vaevedage","status":"publish","type":"page","link":"https:\/\/karis.dk\/?page_id=533","title":{"rendered":""},"content":{"rendered":"\n<h2 class=\"wp-block-heading\">Faste dage i K\u00f8ng V\u00e6veskole<\/h2>\n\n\n\n<p>\u00c5bningstider i Spindeskolen, hvor jeg normalt kan tr\u00e6ffes: <\/p>\n\n\n\n<ul class=\"wp-block-list\">\n<li>tirsdage 15-21.30 <\/li>\n\n\n\n<li>torsdage 10-15<\/li>\n\n\n\n<li>fredage 10-15<\/li>\n<\/ul>\n\n\n\n<h3 class=\"wp-block-heading\">V\u00e6vehold:\u00a0<\/h3>\n\n\n\n<ul class=\"wp-block-list\">\n<li>tirsdage kl. 18.30-21.30<\/li>\n\n\n\n<li>torsdage kl. 10.00-14.00<\/li>\n\n\n\n<li>fredage kl. 12.00-14.00<\/li>\n<\/ul>\n\n\n\n<p>De faste kurser har fokus p\u00e5 grundl\u00e6ggende v\u00e6veforst\u00e5else, teknik og design.\u00a0<\/p>\n\n\n\n<p>Kursisterne v\u00e6ver pr\u00f8ver p\u00e5 de faste v\u00e6ve p\u00e5 stedet i forskellige teknikker. Sammen udforsker vi, hvordan farver og teknikker p\u00e5virker hinanden. <\/p>\n\n\n\n<p>I en hyggelig og afslappet atmosf\u00e6re arbejder vi p\u00e5 sm\u00e5 hold, hvor kursisterne er med til at inspirere hinanden. B\u00e5de gode og mindre heldige resultater af egen v\u00e6vning kan gennem f\u00e6lles dr\u00f8ftelser danne basis for, at den enkelte samler sig en vidensbank til videre udvikling.&nbsp;<\/p>\n\n\n\n<p>B\u00e5de erfarne og nybegyndere kan v\u00e6re med &#8211; og har man lyst, er det muligt at deltage i udstillingen i Spindeskolen, der bliver sat op, s\u00e5 vi ogs\u00e5 er med ved K\u00f8ng Museums \u00e5bning hvert \u00e5r til Palmes\u00f8ndag.<\/p>\n\n\n\n<p>Pris pr m\u00e5ned: Torsdag kr. 675, tirsdag og fredag kr. 500<\/p>\n\n\n\n<p><\/p>\n\n\n\n<div class=\"wp-block-buttons is-layout-flex wp-block-buttons-is-layout-flex\">\n<div class=\"wp-block-button\"><a class=\"wp-block-button__link wp-element-button\" href=\"https:\/\/karis.dk\/?page_id=725\">Kontakt<\/a><\/div>\n<\/div>\n","protected":false},"excerpt":{"rendered":"<p>Faste dage i K\u00f8ng V\u00e6veskole \u00c5bningstider i Spindeskolen, hvor jeg normalt kan tr\u00e6ffes: V\u00e6vehold:\u00a0 De faste kurser har fokus p\u00e5 grundl\u00e6ggende v\u00e6veforst\u00e5else, teknik og design.\u00a0 Kursisterne v\u00e6ver pr\u00f8ver p\u00e5 de [&hellip;]<\/p>\n","protected":false},"author":3,"featured_media":0,"parent":0,"menu_order":0,"comment_status":"closed","ping_status":"closed","template":"wp-custom-template-underside","meta":{"_price":"","_stock":"","_tribe_ticket_header":"","_tribe_default_ticket_provider":"","_tribe_ticket_capacity":"0","_ticket_start_date":"","_ticket_end_date":"","_tribe_ticket_show_description":"","_tribe_ticket_show_not_going":false,"_tribe_ticket_use_global_stock":"","_tribe_ticket_global_stock_level":"","_global_stock_mode":"","_global_stock_cap":"","_tribe_rsvp_for_event":"","_tribe_ticket_going_count":"","_tribe_ticket_not_going_count":"","_tribe_tickets_list":"[]","_tribe_ticket_has_attendee_info_fields":false,"_EventAllDay":false,"_EventTimezone":"","_EventStartDate":"","_EventEndDate":"","_EventStartDateUTC":"","_EventEndDateUTC":"","_EventShowMap":false,"_EventShowMapLink":false,"_EventURL":"","_EventCost":"","_EventCostDescription":"","_EventCurrencySymbol":"","_EventCurrencyCode":"","_EventCurrencyPosition":"","_EventDateTimeSeparator":"","_EventTimeRangeSeparator":"","_EventOrganizerID":[],"_EventVenueID":[],"_OrganizerEmail":"","_OrganizerPhone":"","_OrganizerWebsite":"","_VenueAddress":"","_VenueCity":"","_VenueCountry":"","_VenueProvince":"","_VenueState":"","_VenueZip":"","_VenuePhone":"","_VenueURL":"","_VenueStateProvince":"","_VenueLat":"","_VenueLng":"","_VenueShowMap":false,"_VenueShowMapLink":false,"footnotes":"","_tec_slr_enabled":"","_tec_slr_layout":""},"class_list":["post-533","page","type-page","status-publish","hentry"],"jetpack_sharing_enabled":true,"ticketed":false,"_links":{"self":[{"href":"https:\/\/karis.dk\/index.php?rest_route=\/wp\/v2\/pages\/533","targetHints":{"allow":["GET"]}}],"collection":[{"href":"https:\/\/karis.dk\/index.php?rest_route=\/wp\/v2\/pages"}],"about":[{"href":"https:\/\/karis.dk\/index.php?rest_route=\/wp\/v2\/types\/page"}],"author":[{"embeddable":true,"href":"https:\/\/karis.dk\/index.php?rest_route=\/wp\/v2\/users\/3"}],"replies":[{"embeddable":true,"href":"https:\/\/karis.dk\/index.php?rest_route=%2Fwp%2Fv2%2Fcomments&post=533"}],"version-history":[{"count":11,"href":"https:\/\/karis.dk\/index.php?rest_route=\/wp\/v2\/pages\/533\/revisions"}],"predecessor-version":[{"id":1062,"href":"https:\/\/karis.dk\/index.php?rest_route=\/wp\/v2\/pages\/533\/revisions\/1062"}],"wp:attachment":[{"href":"https:\/\/karis.dk\/index.php?rest_route=%2Fwp%2Fv2%2Fmedia&parent=533"}],"curies":[{"name":"wp","href":"https:\/\/api.w.org\/{rel}","templated":true}]}}