{"id":558,"date":"2024-09-04T14:30:46","date_gmt":"2024-09-04T12:30:46","guid":{"rendered":"https:\/\/karis.dk\/?page_id=558"},"modified":"2025-05-20T14:48:11","modified_gmt":"2025-05-20T12:48:11","slug":"foredrag","status":"publish","type":"page","link":"https:\/\/karis.dk\/?page_id=558","title":{"rendered":"Foredrag"},"content":{"rendered":"\n<h2 class=\"wp-block-heading\">Foredrag<\/h2>\n\n\n\n<p>Jeg holder gerne foredrag om v\u00e6vning og spinding, om h\u00f8rberedning fra str\u00e5 til stof, om damask og drejl fra Kj\u00f8ng Fabrik, med pr\u00f8ver der kan underst\u00f8tte fort\u00e6llingen<\/p>\n\n\n\n<div class=\"wp-block-buttons is-layout-flex wp-block-buttons-is-layout-flex\">\n<div class=\"wp-block-button\"><a class=\"wp-block-button__link wp-element-button\" href=\"https:\/\/karis.dk\/?page_id=725\">Kontakt<\/a><\/div>\n<\/div>\n\n\n\n<div class=\"wp-block-cover alignfull is-light\" style=\"min-height:100vh;aspect-ratio:unset;\"><span aria-hidden=\"true\" class=\"wp-block-cover__background has-background-dim-100 has-background-dim\" style=\"background-color:#ffffff\"><\/span><div class=\"wp-block-cover__inner-container is-layout-flow wp-block-cover-is-layout-flow\">\n<div class=\"wp-block-media-text alignwide is-stacked-on-mobile is-vertically-aligned-center is-image-fill-element\" style=\"grid-template-columns:56% auto\"><figure class=\"wp-block-media-text__media\"><img loading=\"lazy\" decoding=\"async\" width=\"1024\" height=\"560\" src=\"http:\/\/karis.dk\/wp-content\/uploads\/2025\/02\/Spinde-43-1024x560.jpeg\" alt=\"\" class=\"wp-image-942 size-full\" style=\"object-position:50% 50%\" srcset=\"https:\/\/karis.dk\/wp-content\/uploads\/2025\/02\/Spinde-43-1024x560.jpeg 1024w, https:\/\/karis.dk\/wp-content\/uploads\/2025\/02\/Spinde-43-300x164.jpeg 300w, https:\/\/karis.dk\/wp-content\/uploads\/2025\/02\/Spinde-43-768x420.jpeg 768w, https:\/\/karis.dk\/wp-content\/uploads\/2025\/02\/Spinde-43-1536x840.jpeg 1536w, https:\/\/karis.dk\/wp-content\/uploads\/2025\/02\/Spinde-43-2048x1120.jpeg 2048w\" sizes=\"auto, (max-width: 1024px) 100vw, 1024px\" \/><\/figure><div class=\"wp-block-media-text__content\">\n<h2 class=\"wp-block-heading has-text-color\" style=\"color:#000000;font-size:32px\"><\/h2>\n\n\n\n<h2 class=\"wp-block-heading alignwide\" id=\"we-re-a-studio-in-berlin-with-an-international-practice-in-architecture-urban-planning-and-interior-design-we-believe-in-sharing-knowledge-and-promoting-dialogue-to-increase-the-creative-potential-of-collaboration\" style=\"font-size:48px;line-height:1.1\">&#8220;Fra Str\u00e5 til Stof &#8211; Det handler om h\u00f8r&#8221;<\/h2>\n\n\n\n<p><strong>Kj\u00f8ng Fabrik 1774-1924 <\/strong><\/p>\n\n\n\n<p class=\"has-text-color\" style=\"color:#000000;font-size:17px\">Med afs\u00e6t i historien, der knytter sig til det lille K\u00f8ng Museum, midt mellem N\u00e6stved og Vordingborg, vil foredraget handle om, hvordan h\u00f8rren blev behandlet fra s\u00e5ning til det f\u00e6rdige tekstil p\u00e5 den f\u00f8rste tekstile landfabrik i Danmark, Kj\u00f8ng Fabrik.<br>H\u00f8rren eksisterer stadig og er igen i h\u00f8j kurs. <\/p>\n\n\n\n<p class=\"has-text-color\" style=\"color:#000000;font-size:17px\">Hvorfor og hvad er det, som g\u00f8r h\u00f8r s\u00e5 specielt?<\/p>\n\n\n\n<p class=\"has-text-color\" style=\"color:#000000;font-size:17px\">Foredraget vil gennem inddragelse af billeder, redskaber og egne eksperimenter s\u00e6tte fokus p\u00e5 h\u00f8r som en v\u00e6sentlig kulturplante.<\/p>\n\n\n\n<p><\/p>\n\n\n\n<div class=\"wp-block-buttons is-layout-flex wp-block-buttons-is-layout-flex\"><\/div>\n<\/div><\/div>\n<\/div><\/div>\n\n\n\n<h2 class=\"wp-block-heading\"><\/h2>\n\n\n\n<div class=\"wp-block-cover alignfull is-light\" style=\"min-height:100vh;aspect-ratio:unset;\"><span aria-hidden=\"true\" class=\"wp-block-cover__background has-background-dim-100 has-background-dim\" style=\"background-color:#ffffff\"><\/span><div class=\"wp-block-cover__inner-container is-layout-flow wp-block-cover-is-layout-flow\">\n<p class=\"has-text-align-center has-large-font-size\"><\/p>\n<\/div><\/div>\n","protected":false},"excerpt":{"rendered":"<p>Foredrag Jeg holder gerne foredrag om v\u00e6vning og spinding, om h\u00f8rberedning fra str\u00e5 til stof, om damask og drejl fra Kj\u00f8ng Fabrik, med pr\u00f8ver der kan underst\u00f8tte fort\u00e6llingen<\/p>\n","protected":false},"author":3,"featured_media":942,"parent":0,"menu_order":0,"comment_status":"closed","ping_status":"closed","template":"wp-custom-template-underside","meta":{"_price":"","_stock":"","_tribe_ticket_header":"","_tribe_default_ticket_provider":"","_tribe_ticket_capacity":"0","_ticket_start_date":"","_ticket_end_date":"","_tribe_ticket_show_description":"","_tribe_ticket_show_not_going":false,"_tribe_ticket_use_global_stock":"","_tribe_ticket_global_stock_level":"","_global_stock_mode":"","_global_stock_cap":"","_tribe_rsvp_for_event":"","_tribe_ticket_going_count":"","_tribe_ticket_not_going_count":"","_tribe_tickets_list":"[]","_tribe_ticket_has_attendee_info_fields":false,"_EventAllDay":false,"_EventTimezone":"","_EventStartDate":"","_EventEndDate":"","_EventStartDateUTC":"","_EventEndDateUTC":"","_EventShowMap":false,"_EventShowMapLink":false,"_EventURL":"","_EventCost":"","_EventCostDescription":"","_EventCurrencySymbol":"","_EventCurrencyCode":"","_EventCurrencyPosition":"","_EventDateTimeSeparator":"","_EventTimeRangeSeparator":"","_EventOrganizerID":[],"_EventVenueID":[],"_OrganizerEmail":"","_OrganizerPhone":"","_OrganizerWebsite":"","_VenueAddress":"","_VenueCity":"","_VenueCountry":"","_VenueProvince":"","_VenueState":"","_VenueZip":"","_VenuePhone":"","_VenueURL":"","_VenueStateProvince":"","_VenueLat":"","_VenueLng":"","_VenueShowMap":false,"_VenueShowMapLink":false,"footnotes":"","_tec_slr_enabled":"","_tec_slr_layout":""},"class_list":["post-558","page","type-page","status-publish","has-post-thumbnail","hentry"],"jetpack_sharing_enabled":true,"ticketed":false,"_links":{"self":[{"href":"https:\/\/karis.dk\/index.php?rest_route=\/wp\/v2\/pages\/558","targetHints":{"allow":["GET"]}}],"collection":[{"href":"https:\/\/karis.dk\/index.php?rest_route=\/wp\/v2\/pages"}],"about":[{"href":"https:\/\/karis.dk\/index.php?rest_route=\/wp\/v2\/types\/page"}],"author":[{"embeddable":true,"href":"https:\/\/karis.dk\/index.php?rest_route=\/wp\/v2\/users\/3"}],"replies":[{"embeddable":true,"href":"https:\/\/karis.dk\/index.php?rest_route=%2Fwp%2Fv2%2Fcomments&post=558"}],"version-history":[{"count":22,"href":"https:\/\/karis.dk\/index.php?rest_route=\/wp\/v2\/pages\/558\/revisions"}],"predecessor-version":[{"id":1012,"href":"https:\/\/karis.dk\/index.php?rest_route=\/wp\/v2\/pages\/558\/revisions\/1012"}],"wp:featuredmedia":[{"embeddable":true,"href":"https:\/\/karis.dk\/index.php?rest_route=\/wp\/v2\/media\/942"}],"wp:attachment":[{"href":"https:\/\/karis.dk\/index.php?rest_route=%2Fwp%2Fv2%2Fmedia&parent=558"}],"curies":[{"name":"wp","href":"https:\/\/api.w.org\/{rel}","templated":true}]}}