{"id":587,"date":"2024-09-04T15:25:27","date_gmt":"2024-09-04T13:25:27","guid":{"rendered":"https:\/\/karis.dk\/?page_id=587"},"modified":"2025-10-01T16:10:55","modified_gmt":"2025-10-01T14:10:55","slug":"hvem-er-jeg","status":"publish","type":"page","link":"https:\/\/karis.dk\/?page_id=587","title":{"rendered":"Hvem er jeg"},"content":{"rendered":"\n<h2 class=\"wp-block-heading\">Hvem er jeg<\/h2>\n\n\n\n<figure class=\"wp-block-image alignright size-large is-resized\"><img loading=\"lazy\" decoding=\"async\" width=\"683\" height=\"1024\" src=\"http:\/\/karis.dk\/wp-content\/uploads\/2024\/09\/ved-vaeven-9-scaled-edited-683x1024.jpg\" alt=\"\" class=\"wp-image-600\" style=\"width:227px;height:auto\" srcset=\"https:\/\/karis.dk\/wp-content\/uploads\/2024\/09\/ved-vaeven-9-scaled-edited-683x1024.jpg 683w, https:\/\/karis.dk\/wp-content\/uploads\/2024\/09\/ved-vaeven-9-scaled-edited-200x300.jpg 200w, https:\/\/karis.dk\/wp-content\/uploads\/2024\/09\/ved-vaeven-9-scaled-edited-768x1152.jpg 768w, https:\/\/karis.dk\/wp-content\/uploads\/2024\/09\/ved-vaeven-9-scaled-edited-1024x1536.jpg 1024w, https:\/\/karis.dk\/wp-content\/uploads\/2024\/09\/ved-vaeven-9-scaled-edited-1366x2048.jpg 1366w, https:\/\/karis.dk\/wp-content\/uploads\/2024\/09\/ved-vaeven-9-scaled-edited.jpg 1707w\" sizes=\"auto, (max-width: 683px) 100vw, 683px\" \/><\/figure>\n\n\n\n<p>Nysgerrig, n\u00f8rdet, og fuldst\u00e6ndig fortabt i gl\u00e6de over tr\u00e5de der krydser hinanden. Dybt fascineret af hvordan tr\u00e5denes farver og karakteristika spiller sammen med bindinger i v\u00e6vet stof.&nbsp;<\/p>\n\n\n\n<p>Jeg hedder Karis Rasmusen og v\u00e6vning g\u00f8r mig glad, og jeg vil gerne dele den gl\u00e6de med andre, hvad enten det foreg\u00e5r p\u00e5 et kursus, ved et foredrag, en udstilling eller en f\u00e6lles tur til Tygriket i Sverige.<\/p>\n\n\n\n<p>Jeg er uddannet l\u00e6rer og kan lide at undervise. I 2019 f\u00e6rdiggjorde jeg diplomuddannelsen i v\u00e6vning i Handweavers Studio og Gallery i London. Herefter startede jeg K\u00f8ng Museums V\u00e6ve- og Spindeskole, sidel\u00f8bende med at jeg blev inviteret ud at undervise andre steder.<\/p>\n\n\n\n<p>Mit fokus i undervisningen er at inspirere og udfordre den enkelte til at udfolde sit potentiale.<\/p>\n\n\n\n<div class=\"wp-block-buttons is-layout-flex wp-block-buttons-is-layout-flex\">\n<div class=\"wp-block-button\"><a class=\"wp-block-button__link wp-element-button\" href=\"https:\/\/karis.dk\/?page_id=725\">Kontakt<\/a><\/div>\n<\/div>\n\n\n\n<h4 class=\"wp-block-heading\"><strong>Tekstil- og organisatorisk baggrund<\/strong><br><\/h4>\n\n\n\n<p><strong>2025<\/strong> &#8211; Tingh\u00f8j Tr\u00e5d bliver import\u00f8r og forhandler af Lojan spinde- og v\u00e6veudstyr.<\/p>\n\n\n\n<p><strong>2024<\/strong> &#8211; Inviteres ind at holde opl\u00e6g om h\u00f8r og tekstiler fra Kj\u00f8ng Fabrik p\u00e5 Centre For Textile Research, Saxoinstituttet, K\u00f8benhavns Universitet, dels ved et eftermiddagsm\u00f8de, dels ved et h\u00f8rseminar arrangeret af TRiVAL-projektet.<\/p>\n\n\n\n<p>Artikel om Kj\u00f8ng Fabriks tekstiler publiceres i sommerudgaven af Dragtjournalen.<\/p>\n\n\n\n<p>P\u00e5begynder projekt med K\u00f8ng-tapetet i samarbejde med gobelinv\u00e6ver Ulrikka Mokdad. S\u00f8ger og f\u00e5r tildelt fondsmidler fra Fonden for Husflid og H\u00e5ndarbejde, samt fra Farumg\u00e5rdfonden.<\/p>\n\n\n\n<p><strong>2023<\/strong> &#8211; Inviteres til at holde opl\u00e6g om K\u00f8ng Museum og Kj\u00f8ng Fabriks tekstiler p\u00e5 Dragt- og Tekstilnetv\u00e6rkets \u00e5rsm\u00f8de, afholdt p\u00e5 Statens v\u00e6rksteder for Kunst.<\/p>\n\n\n\n<p><strong>2022 <\/strong>&#8211; Mit firma \u201dTingh\u00f8j Tr\u00e5d\u201d bliver momsregistret, import\u00f8r og forhandler af Lou\u00ebt v\u00e6ve- og spinderedskaber.<\/p>\n\n\n\n<p><strong>2020<\/strong> \u2013&nbsp; Opretter K\u00f8ng Museums V\u00e6ve- og Spindeskole, afholder aftenkurser og weekendkurser, dels i K\u00f8ng, dels forskellige steder rundt i landet.<\/p>\n\n\n\n<p><strong>2017-2019<\/strong> Gennemf\u00f8rer diplomuddannelse i v\u00e6vning ved Handweavers Studio and Gallery i London. Uddannelsen er bredt facetteret.&nbsp; Foruden v\u00e6veteknikker og h\u00e5ndv\u00e6rk arbejdes ogs\u00e5 med designprocesser og analyse, samt afd\u00e6kning af personlig inspiration og udtryk. Mit h\u00f8rkendskab og brug af h\u00f8r manifesteres. V\u00e6vning foreg\u00e5r p\u00e5 8-skaftede tangentv\u00e6ve. Uddannelsen afsluttes med udstilling. Jeg bliver en del af gruppen Seven Sisters Handweavers.<\/p>\n\n\n\n<p><strong>2015-2016<\/strong> Sommerkursus i v\u00e6vning i Wales hos Snail Trail Handweavers<\/p>\n\n\n\n<p><strong>2013<\/strong> \u2013 Frivillig ved K\u00f8ng Museum, 4750 Lundby, som spinde- og v\u00e6vekvinde samt formidler tilknyttet Det Rullende H\u00f8rv\u00e6rksted. Indg\u00e5r i arbejdet med registrering af tekstiler p\u00e5 museet.<\/p>\n","protected":false},"excerpt":{"rendered":"<p>Hvem er jeg Nysgerrig, n\u00f8rdet, og fuldst\u00e6ndig fortabt i gl\u00e6de over tr\u00e5de der krydser hinanden. Dybt fascineret af hvordan tr\u00e5denes farver og karakteristika spiller sammen med bindinger i v\u00e6vet stof.&nbsp; [&hellip;]<\/p>\n","protected":false},"author":3,"featured_media":0,"parent":0,"menu_order":0,"comment_status":"closed","ping_status":"closed","template":"wp-custom-template-underside","meta":{"_price":"","_stock":"","_tribe_ticket_header":"","_tribe_default_ticket_provider":"","_tribe_ticket_capacity":"0","_ticket_start_date":"","_ticket_end_date":"","_tribe_ticket_show_description":"","_tribe_ticket_show_not_going":false,"_tribe_ticket_use_global_stock":"","_tribe_ticket_global_stock_level":"","_global_stock_mode":"","_global_stock_cap":"","_tribe_rsvp_for_event":"","_tribe_ticket_going_count":"","_tribe_ticket_not_going_count":"","_tribe_tickets_list":"[]","_tribe_ticket_has_attendee_info_fields":false,"_EventAllDay":false,"_EventTimezone":"","_EventStartDate":"","_EventEndDate":"","_EventStartDateUTC":"","_EventEndDateUTC":"","_EventShowMap":false,"_EventShowMapLink":false,"_EventURL":"","_EventCost":"","_EventCostDescription":"","_EventCurrencySymbol":"","_EventCurrencyCode":"","_EventCurrencyPosition":"","_EventDateTimeSeparator":"","_EventTimeRangeSeparator":"","_EventOrganizerID":[],"_EventVenueID":[],"_OrganizerEmail":"","_OrganizerPhone":"","_OrganizerWebsite":"","_VenueAddress":"","_VenueCity":"","_VenueCountry":"","_VenueProvince":"","_VenueState":"","_VenueZip":"","_VenuePhone":"","_VenueURL":"","_VenueStateProvince":"","_VenueLat":"","_VenueLng":"","_VenueShowMap":false,"_VenueShowMapLink":false,"footnotes":"","_tec_slr_enabled":"","_tec_slr_layout":""},"class_list":["post-587","page","type-page","status-publish","hentry"],"jetpack_sharing_enabled":true,"ticketed":false,"_links":{"self":[{"href":"https:\/\/karis.dk\/index.php?rest_route=\/wp\/v2\/pages\/587","targetHints":{"allow":["GET"]}}],"collection":[{"href":"https:\/\/karis.dk\/index.php?rest_route=\/wp\/v2\/pages"}],"about":[{"href":"https:\/\/karis.dk\/index.php?rest_route=\/wp\/v2\/types\/page"}],"author":[{"embeddable":true,"href":"https:\/\/karis.dk\/index.php?rest_route=\/wp\/v2\/users\/3"}],"replies":[{"embeddable":true,"href":"https:\/\/karis.dk\/index.php?rest_route=%2Fwp%2Fv2%2Fcomments&post=587"}],"version-history":[{"count":10,"href":"https:\/\/karis.dk\/index.php?rest_route=\/wp\/v2\/pages\/587\/revisions"}],"predecessor-version":[{"id":1029,"href":"https:\/\/karis.dk\/index.php?rest_route=\/wp\/v2\/pages\/587\/revisions\/1029"}],"wp:attachment":[{"href":"https:\/\/karis.dk\/index.php?rest_route=%2Fwp%2Fv2%2Fmedia&parent=587"}],"curies":[{"name":"wp","href":"https:\/\/api.w.org\/{rel}","templated":true}]}}