{"id":725,"date":"2024-09-11T12:04:27","date_gmt":"2024-09-11T10:04:27","guid":{"rendered":"https:\/\/karis.dk\/?page_id=725"},"modified":"2025-10-01T16:06:40","modified_gmt":"2025-10-01T14:06:40","slug":"kontakt-information","status":"publish","type":"page","link":"https:\/\/karis.dk\/?page_id=725","title":{"rendered":"Kontakt information"},"content":{"rendered":"\n<h2 class=\"wp-block-heading\">Kontakt information<\/h2>\n\n\n\n<p>Du er altid velkommen, til at kontakte mig for yderligere sp\u00f8rgsm\u00e5l, ellers hvis I er en gruppe der \u00f8nsker et s\u00e6rligt tilbud p\u00e5 en workshop<\/p>\n\n\n\n<p><\/p>\n\n\n\n<div class=\"wp-block-group alignfull has-ti-fg-color has-ti-bg-alt-background-color has-text-color has-background is-content-justification-center is-layout-constrained wp-block-group-is-layout-constrained\" style=\"margin-top:0px;margin-bottom:0px;padding-top:0px;padding-bottom:0px\">\n<div class=\"wp-block-columns alignfull is-layout-flex wp-container-core-columns-is-layout-aca22cf8 wp-block-columns-is-layout-flex\">\n<div class=\"wp-block-column is-layout-flow wp-block-column-is-layout-flow\">\n<div class=\"wp-block-cover is-light\" style=\"min-height:567px;aspect-ratio:unset;\"><img loading=\"lazy\" decoding=\"async\" width=\"1707\" height=\"2560\" class=\"wp-block-cover__image-background wp-image-600\" alt=\"\" src=\"http:\/\/karis.dk\/wp-content\/uploads\/2024\/09\/ved-vaeven-9-scaled-edited.jpg\" data-object-fit=\"cover\" srcset=\"https:\/\/karis.dk\/wp-content\/uploads\/2024\/09\/ved-vaeven-9-scaled-edited.jpg 1707w, https:\/\/karis.dk\/wp-content\/uploads\/2024\/09\/ved-vaeven-9-scaled-edited-200x300.jpg 200w, https:\/\/karis.dk\/wp-content\/uploads\/2024\/09\/ved-vaeven-9-scaled-edited-683x1024.jpg 683w, https:\/\/karis.dk\/wp-content\/uploads\/2024\/09\/ved-vaeven-9-scaled-edited-768x1152.jpg 768w, https:\/\/karis.dk\/wp-content\/uploads\/2024\/09\/ved-vaeven-9-scaled-edited-1024x1536.jpg 1024w, https:\/\/karis.dk\/wp-content\/uploads\/2024\/09\/ved-vaeven-9-scaled-edited-1366x2048.jpg 1366w\" sizes=\"auto, (max-width: 1707px) 100vw, 1707px\" \/><span aria-hidden=\"true\" class=\"wp-block-cover__background has-ti-bg-inv-background-color has-background-dim-0 has-background-dim\"><\/span><div class=\"wp-block-cover__inner-container is-layout-flow wp-block-cover-is-layout-flow\">\n<p><\/p>\n<\/div><\/div>\n<\/div>\n\n\n\n<div class=\"wp-block-column is-vertically-aligned-center is-layout-flow wp-block-column-is-layout-flow\" style=\"padding-top:40px;padding-right:40px;padding-bottom:40px;padding-left:40px\">\n<div class=\"wp-block-group is-content-justification-left is-layout-constrained wp-container-core-group-is-layout-12dd3699 wp-block-group-is-layout-constrained\">\n<h2 class=\"wp-block-heading\">Tingh\u00f8j Tr\u00e5d <\/h2>\n\n\n\n<p>v\/Karis Rasmussen<\/p>\n\n\n\n<p class=\"has-text-align-left has-medium-font-size\">Tingh\u00f8jvej 60<\/p>\n\n\n\n<p class=\"has-text-align-left has-medium-font-size\">4750 Lundby<\/p>\n\n\n\n<p>Mobil: +45 30329650<\/p>\n\n\n\n<p>Mail: <a href=\"mailto:tinghoejtraad@gmail.com\">tinghoejtraad@gmail.com<\/a><\/p>\n<\/div>\n<\/div>\n<\/div>\n<\/div>\n","protected":false},"excerpt":{"rendered":"<p>Kontakt information Du er altid velkommen, til at kontakte mig for yderligere sp\u00f8rgsm\u00e5l, ellers hvis I er en gruppe der \u00f8nsker et s\u00e6rligt tilbud p\u00e5 en workshop Tingh\u00f8j Tr\u00e5d v\/Karis [&hellip;]<\/p>\n","protected":false},"author":3,"featured_media":0,"parent":0,"menu_order":0,"comment_status":"closed","ping_status":"closed","template":"wp-custom-template-underside","meta":{"_price":"","_stock":"","_tribe_ticket_header":"","_tribe_default_ticket_provider":"","_tribe_ticket_capacity":"0","_ticket_start_date":"","_ticket_end_date":"","_tribe_ticket_show_description":"","_tribe_ticket_show_not_going":false,"_tribe_ticket_use_global_stock":"","_tribe_ticket_global_stock_level":"","_global_stock_mode":"","_global_stock_cap":"","_tribe_rsvp_for_event":"","_tribe_ticket_going_count":"","_tribe_ticket_not_going_count":"","_tribe_tickets_list":"[]","_tribe_ticket_has_attendee_info_fields":false,"_EventAllDay":false,"_EventTimezone":"","_EventStartDate":"","_EventEndDate":"","_EventStartDateUTC":"","_EventEndDateUTC":"","_EventShowMap":false,"_EventShowMapLink":false,"_EventURL":"","_EventCost":"","_EventCostDescription":"","_EventCurrencySymbol":"","_EventCurrencyCode":"","_EventCurrencyPosition":"","_EventDateTimeSeparator":"","_EventTimeRangeSeparator":"","_EventOrganizerID":[],"_EventVenueID":[],"_OrganizerEmail":"","_OrganizerPhone":"","_OrganizerWebsite":"","_VenueAddress":"","_VenueCity":"","_VenueCountry":"","_VenueProvince":"","_VenueState":"","_VenueZip":"","_VenuePhone":"","_VenueURL":"","_VenueStateProvince":"","_VenueLat":"","_VenueLng":"","_VenueShowMap":false,"_VenueShowMapLink":false,"footnotes":"","_tec_slr_enabled":"","_tec_slr_layout":""},"class_list":["post-725","page","type-page","status-publish","hentry"],"jetpack_sharing_enabled":true,"ticketed":false,"_links":{"self":[{"href":"https:\/\/karis.dk\/index.php?rest_route=\/wp\/v2\/pages\/725","targetHints":{"allow":["GET"]}}],"collection":[{"href":"https:\/\/karis.dk\/index.php?rest_route=\/wp\/v2\/pages"}],"about":[{"href":"https:\/\/karis.dk\/index.php?rest_route=\/wp\/v2\/types\/page"}],"author":[{"embeddable":true,"href":"https:\/\/karis.dk\/index.php?rest_route=\/wp\/v2\/users\/3"}],"replies":[{"embeddable":true,"href":"https:\/\/karis.dk\/index.php?rest_route=%2Fwp%2Fv2%2Fcomments&post=725"}],"version-history":[{"count":6,"href":"https:\/\/karis.dk\/index.php?rest_route=\/wp\/v2\/pages\/725\/revisions"}],"predecessor-version":[{"id":1026,"href":"https:\/\/karis.dk\/index.php?rest_route=\/wp\/v2\/pages\/725\/revisions\/1026"}],"wp:attachment":[{"href":"https:\/\/karis.dk\/index.php?rest_route=%2Fwp%2Fv2%2Fmedia&parent=725"}],"curies":[{"name":"wp","href":"https:\/\/api.w.org\/{rel}","templated":true}]}}