{"id":978,"date":"2025-03-08T11:39:02","date_gmt":"2025-03-08T10:39:02","guid":{"rendered":"https:\/\/karis.dk\/?page_id=978"},"modified":"2025-10-16T19:42:22","modified_gmt":"2025-10-16T17:42:22","slug":"lojan-vaeve","status":"publish","type":"page","link":"https:\/\/karis.dk\/?page_id=978","title":{"rendered":"Lojan V\u00e6ve"},"content":{"rendered":"\n<figure class=\"wp-block-image size-medium\"><img loading=\"lazy\" decoding=\"async\" width=\"300\" height=\"161\" src=\"https:\/\/karis.dk\/wp-content\/uploads\/2025\/03\/Lojan-wheels-and-looms-560x300-20cm-300x161.jpg\" alt=\"\" class=\"wp-image-981\" srcset=\"https:\/\/karis.dk\/wp-content\/uploads\/2025\/03\/Lojan-wheels-and-looms-560x300-20cm-300x161.jpg 300w, https:\/\/karis.dk\/wp-content\/uploads\/2025\/03\/Lojan-wheels-and-looms-560x300-20cm.jpg 561w\" sizes=\"auto, (max-width: 300px) 100vw, 300px\" \/><\/figure>\n\n\n\n<div class=\"wp-block-columns is-layout-flex wp-container-core-columns-is-layout-28f84493 wp-block-columns-is-layout-flex\">\n<div class=\"wp-block-column is-layout-flow wp-block-column-is-layout-flow\" style=\"flex-basis:100%\">\n<figure class=\"wp-block-table\"><table class=\"has-fixed-layout\"><tbody><tr><td><strong>Rok og tilbeh\u00f8r<\/strong><\/td><td><\/td><\/tr><tr><td>Buddy rok, <em>med bredt tr\u00e6delad<\/em><\/td><td>3.061,-<\/td><\/tr><tr><td>Buddy rok, <em>med dobbelt tramper<\/em><\/td><td>3.371,-<\/td><\/tr><tr><td>Travel Buddy rok, <em>incl. rygs\u00e6k<\/em><\/td><td>4.626,-<\/td><\/tr><tr><td>Budget Buddy rok,<em> bredt tr\u00e6delad<\/em><\/td><td>2.673,-<\/td><\/tr><tr><td>Garnvinde\/haspem\u00f8lle<\/td><td>969,-<\/td><\/tr><tr><td>Lazy Kate, <em>spoleholder<\/em><\/td><td>302,-<\/td><\/tr><tr><td><\/td><td><\/td><\/tr><tr><td><strong>B\u00e5ndv\u00e6v og tilbeh\u00f8r<\/strong><\/td><td><\/td><\/tr><tr><td>B\u00e5ndv\u00e6v, <em>incl skytte<\/em>, <em>b\u00e5ndl\u00e6ngde 2,65 m<\/em><\/td><td>845,-<\/td><\/tr><tr><td>B\u00e5ndv\u00e6v, <em>ekstra: brikv\u00e6vningsbr\u00e6t, 2* 10 brikker<\/em>, <em>mini-b\u00e5ndskytte, s\u00f8ller<\/em><\/td><td>1.155,-<\/td><\/tr><tr><td>Brikv\u00e6vningsbr\u00e6t, <em>til montering p\u00e5 b\u00e5ndv\u00e6v<\/em><\/td><td>124,-<\/td><\/tr><tr><td>Brikker, <em>4 huller, 6cm*6cm, 10 stk<\/em><\/td><td>39,-<\/td><\/tr><tr><td>Mini b\u00e5ndv\u00e6v, inkletje, <em>b\u00e5ndl\u00e6ngde 1,80 m<\/em><\/td><td>589,-<\/td><\/tr><tr><td><\/td><td><\/td><\/tr><tr><td><strong>V\u00e6ve<\/strong><\/td><td><\/td><\/tr><tr><td>Flex, 30 cm, rammev\u00e6v<\/td><td>1.736,-<\/td><\/tr><tr><td>Flex, 30 cm, 8-skaftet tangentv\u00e6v<\/td><td>3.820,-<\/td><\/tr><tr><td>&#8211; <em>ombygningss\u00e6t fra rammev\u00e6v til 4 skafter<\/em><\/td><td>2.100,-<\/td><\/tr><tr><td>&#8211; <em>ombygningss\u00e6t fra 4 skafter til 8 skafter<\/em><\/td><td>767,-<\/td><\/tr><tr><td>Flex, 50 cm, rammev\u00e6v<\/td><td>1.984,-<\/td><\/tr><tr><td>Flex, 50 cm, 8-skaftet tangentv\u00e6v<\/td><td>4.362,-<\/td><\/tr><tr><td>&#8211; <em>ombygningss\u00e6t fra rammev\u00e6v til 4 skafter<\/em><\/td><td>2.363,-<\/td><\/tr><tr><td>&#8211; <em>ombygningss\u00e6t fra 4 skafter til 8 skafter<\/em><\/td><td>790,-<\/td><\/tr><tr><td><\/td><td><\/td><\/tr><tr><td><strong>Stativ<\/strong><\/td><td><\/td><\/tr><tr><td>Flex, 30 cm<\/td><td>814,-<\/td><\/tr><tr><td>Flex, 50 cm<\/td><td>930,-<\/td><\/tr><tr><td><\/td><td><\/td><\/tr><tr><td>S\u00f8ller, <em>16 cm, 100 stk.<\/em><\/td><td>147,-<\/td><\/tr><tr><td>Redekam, 30 cm<\/td><td>473,-<\/td><\/tr><tr><td>Redekam, 50 cm<\/td><td>574<\/td><\/tr><tr><td><\/td><td><\/td><\/tr><tr><td>Kamme, flex-30 og flex-50<\/td><td><\/td><\/tr><tr><td>t\u00e6theder 20\/10 &#8211; 40\/10<\/td><td>427,-<\/td><\/tr><tr><td>t\u00e6theder 50\/10 &#8211; 70\/10<\/td><td>458,-<\/td><\/tr><tr><td>t\u00e6theder 80\/10 &#8211; 100\/10<\/td><td>520,-<\/td><\/tr><\/tbody><\/table><\/figure>\n<\/div>\n<\/div>\n\n\n\n<div class=\"wp-block-columns is-layout-flex wp-container-core-columns-is-layout-28f84493 wp-block-columns-is-layout-flex\">\n<div class=\"wp-block-column is-layout-flow wp-block-column-is-layout-flow\" style=\"flex-basis:100%\">\n<details class=\"wp-block-details is-layout-flow wp-block-details-is-layout-flow\"><summary>Lojan produktpriser 01.10.2025<\/summary>\nLojan Produktpriser 01.10.2025\n<\/details>\n<\/div>\n<\/div>\n\n\n\n<p><\/p>\n","protected":false},"excerpt":{"rendered":"<p>Rok og tilbeh\u00f8r Buddy rok, med bredt tr\u00e6delad 3.061,- Buddy rok, med dobbelt tramper 3.371,- Travel Buddy rok, incl. rygs\u00e6k 4.626,- Budget Buddy rok, bredt tr\u00e6delad 2.673,- Garnvinde\/haspem\u00f8lle 969,- Lazy [&hellip;]<\/p>\n","protected":false},"author":1,"featured_media":0,"parent":0,"menu_order":0,"comment_status":"closed","ping_status":"closed","template":"","meta":{"_price":"","_stock":"","_tribe_ticket_header":"","_tribe_default_ticket_provider":"","_tribe_ticket_capacity":"0","_ticket_start_date":"","_ticket_end_date":"","_tribe_ticket_show_description":"","_tribe_ticket_show_not_going":false,"_tribe_ticket_use_global_stock":"","_tribe_ticket_global_stock_level":"","_global_stock_mode":"","_global_stock_cap":"","_tribe_rsvp_for_event":"","_tribe_ticket_going_count":"","_tribe_ticket_not_going_count":"","_tribe_tickets_list":"[]","_tribe_ticket_has_attendee_info_fields":false,"_EventAllDay":false,"_EventTimezone":"","_EventStartDate":"","_EventEndDate":"","_EventStartDateUTC":"","_EventEndDateUTC":"","_EventShowMap":false,"_EventShowMapLink":false,"_EventURL":"","_EventCost":"","_EventCostDescription":"","_EventCurrencySymbol":"","_EventCurrencyCode":"","_EventCurrencyPosition":"","_EventDateTimeSeparator":"","_EventTimeRangeSeparator":"","_EventOrganizerID":[],"_EventVenueID":[],"_OrganizerEmail":"","_OrganizerPhone":"","_OrganizerWebsite":"","_VenueAddress":"","_VenueCity":"","_VenueCountry":"","_VenueProvince":"","_VenueState":"","_VenueZip":"","_VenuePhone":"","_VenueURL":"","_VenueStateProvince":"","_VenueLat":"","_VenueLng":"","_VenueShowMap":false,"_VenueShowMapLink":false,"footnotes":"","_tec_slr_enabled":"","_tec_slr_layout":""},"class_list":["post-978","page","type-page","status-publish","hentry"],"jetpack_sharing_enabled":true,"ticketed":false,"_links":{"self":[{"href":"https:\/\/karis.dk\/index.php?rest_route=\/wp\/v2\/pages\/978","targetHints":{"allow":["GET"]}}],"collection":[{"href":"https:\/\/karis.dk\/index.php?rest_route=\/wp\/v2\/pages"}],"about":[{"href":"https:\/\/karis.dk\/index.php?rest_route=\/wp\/v2\/types\/page"}],"author":[{"embeddable":true,"href":"https:\/\/karis.dk\/index.php?rest_route=\/wp\/v2\/users\/1"}],"replies":[{"embeddable":true,"href":"https:\/\/karis.dk\/index.php?rest_route=%2Fwp%2Fv2%2Fcomments&post=978"}],"version-history":[{"count":11,"href":"https:\/\/karis.dk\/index.php?rest_route=\/wp\/v2\/pages\/978\/revisions"}],"predecessor-version":[{"id":1046,"href":"https:\/\/karis.dk\/index.php?rest_route=\/wp\/v2\/pages\/978\/revisions\/1046"}],"wp:attachment":[{"href":"https:\/\/karis.dk\/index.php?rest_route=%2Fwp%2Fv2%2Fmedia&parent=978"}],"curies":[{"name":"wp","href":"https:\/\/api.w.org\/{rel}","templated":true}]}}